{"id":275,"date":"2020-08-06T12:58:48","date_gmt":"2020-08-06T12:58:48","guid":{"rendered":"http:\/\/www.anelon.de\/?page_id=275"},"modified":"2020-08-18T13:16:56","modified_gmt":"2020-08-18T13:16:56","slug":"id-is","status":"publish","type":"page","link":"https:\/\/www.anelon.de\/index.php\/home\/id-is\/","title":{"rendered":"ID-IS Software"},"content":{"rendered":"<p>[vc_row full_width=&#8220;stretch_row&#8220; bg_type=&#8220;image&#8220; parallax_style=&#8220;vcpb-vz-jquery&#8220; bg_image_new=&#8220;id^270|url^https:\/\/www.anelon.de\/wp-content\/uploads\/2020\/07\/AdobeStock_204106702-scaled.jpeg|caption^Background of beautiful abstract Business transformation innovation. Change from to high technology like butterfly life cycle. to imply with success future business growth concept or other transform|alt^null|title^Background of beautiful abstract Business transformation innovation. Change from to high technology like butterfly life cycle. to imply with success future business growth concept or other transform|description^null&#8220; bg_image_repeat=&#8220;no-repeat&#8220; enable_overlay=&#8220;enable_overlay_value&#8220; overlay_pattern=&#8220;transperant&#8220; seperator_enable=&#8220;seperator_enable_value&#8220; seperator_type=&#8220;tilt_left_seperator&#8220; seperator_position=&#8220;bottom_seperator&#8220; seperator_svg_height=&#8220;100&#8243; css=&#8220;.vc_custom_1597756416906{background-color: #000000 !important;}&#8220;][vc_column][vc_empty_space][vc_single_image image=&#8220;276&#8243; img_size=&#8220;full&#8220; alignment=&#8220;center&#8220; style=&#8220;vc_box_shadow_3d&#8220;][\/vc_column][\/vc_row][vc_row][vc_column width=&#8220;1\/2&#8243;]<div id=\"ultimate-heading-208969da1ca9dbcdb\" class=\"uvc-heading ult-adjust-bottom-margin ultimate-heading-208969da1ca9dbcdb uvc-4826 accent-border-color color-title uvc-heading-default-font-sizes\" data-hspacer=\"line_only\"  data-halign=\"left\" style=\"text-align:left\"><div class=\"uvc-main-heading ult-responsive\"  data-ultimate-target='.uvc-heading.ultimate-heading-208969da1ca9dbcdb h2'  data-responsive-json-new='{\"font-size\":\"\",\"line-height\":\"\"}' ><h2 style=\"--font-weight:theme;\">Unser Beratungsangebot<\/h2><\/div><div class=\"uvc-heading-spacer line_only\" style=\"topheight:3px;\"><span class=\"uvc-headings-line\" style=\"border-style:solid;border-bottom-width:3px;border-color:;width:200px;\"><\/span><\/div><\/div>[vc_column_text]Es gibt wohl viele Softwarel\u00f6sungen zur Verwaltung von Kunden, Geldern, Dokumenten usw. Es ist auch zunehmend unwichtiger welche Software man benutzt. Worauf es wirklich ankommt, ist <strong>wie<\/strong> sie genutzt wird. Viele Verwaltungsb\u00fcros arbeiten ineffizient, obwohl es l\u00e4ngst f\u00fcr die g\u00e4ngigsten Gesch\u00e4ftsprozesse vollautomatisierte L\u00f6sungen gibt. Hier braucht eine Software Systemeinstellungen, gute Seriendruckvorlagen, Regeln, Selektionsvorlagen etc. Nur so kann ein effizientes Datenmanagement gelingen.[\/vc_column_text][vc_column_text]Wir bei Anelon spezialisieren uns dazu auf wenige Softwarel\u00f6sungen die wir zu 100% verstehen. Speziell bei der ID-IS Software d\u00fcrfen wir uns Partner der ids-software Ltd. &amp; Co KG nennen. Dadurch haben wir Zugriff auch auf den Quellcode und k\u00f6nnen f\u00fcr unsere Vertragspartner hochgradig spezialisierte Anpassungen vornehmen, falls n\u00f6tig. Wir glauben, dass die ID-IS Software 10.0 SQL Serverl\u00f6sung zu den am meisten ausgereiften Verwaltungsl\u00f6sungen geh\u00f6rt, die derzeit im deutschsprachigen Raum zu finden ist.[\/vc_column_text][\/vc_column][vc_column width=&#8220;1\/2&#8243;]<div id=\"ultimate-heading-296469da1ca9dbd2a\" class=\"uvc-heading ult-adjust-bottom-margin ultimate-heading-296469da1ca9dbd2a uvc-7697 accent-border-color color-title uvc-heading-default-font-sizes\" data-hspacer=\"line_only\"  data-halign=\"left\" style=\"text-align:left\"><div class=\"uvc-main-heading ult-responsive\"  data-ultimate-target='.uvc-heading.ultimate-heading-296469da1ca9dbd2a h2'  data-responsive-json-new='{\"font-size\":\"\",\"line-height\":\"\"}' ><h2 style=\"--font-weight:theme;\">ID-IS Software<\/h2><\/div><div class=\"uvc-heading-spacer line_only\" style=\"topheight:3px;\"><span class=\"uvc-headings-line\" style=\"border-style:solid;border-bottom-width:3px;border-color:;width:200px;\"><\/span><\/div><div class=\"uvc-sub-heading ult-responsive\"  data-ultimate-target='.uvc-heading.ultimate-heading-296469da1ca9dbd2a .uvc-sub-heading '  data-responsive-json-new='{\"font-size\":\"\",\"line-height\":\"\"}'  style=\"font-weight:normal;margin-bottom:20px;\">Zur Verwaltung von Kunden und Vertr\u00e4gen, SEPA- Lastschriften und Zahlungsmanagement, Provisionsabrechnung, Dokumentenmanagement, Verwaltungsaufgaben, Datenimport und Schnittstellen, gespeicherte Selektionen, Produktverwaltung, Druck- und Ausgabesets, BiPRO, und vieles mehr.<\/div><\/div>[vc_tta_tour][vc_tta_section i_icon_fontawesome=&#8220;far fa-address-card&#8220; add_icon=&#8220;true&#8220; title=&#8220;Verwaltung&#8220; tab_id=&#8220;1596725013254-f9aa2e38-8d5f&#8220;][vc_column_text]<\/p>\n<p style=\"text-align: left;\">Egal ob Kunden, Mitglieder oder Genossen: Mit der ID-IS Software meistern Sie deren Verwaltung! Das Versenden von Serien- Emails oder Seriendrucks, die Speicherung von eingehender oder ausgehender Korrespondenz &#8211; egal, das ID-IS erf\u00fcllt alle Anforderungen eines gelungenen CRM Systems!<\/p>\n<p>[\/vc_column_text][\/vc_tta_section][vc_tta_section i_icon_fontawesome=&#8220;fas fa-tty&#8220; add_icon=&#8220;true&#8220; title=&#8220;Benutzerfreundlichkeit&#8220; tab_id=&#8220;1596725013291-59970d72-f01a&#8220;][vc_column_text]<\/p>\n<p style=\"text-align: left;\">Durch die Serverl\u00f6sung ist keine Installation notwendig. Das ID-IS kann mehrfach an einem PC gestartet werden. Viele Fenster innerhalb des Programmes sind nicht modal und lassen sie wie bei einem Browser per Tabs ein und ausblenden. Die meisten Eingaben sind ohne Maus m\u00f6glich, sodass ein schnelles Arbeiten mit den H\u00e4nden an der Tastatur m\u00f6glich ist.<\/p>\n<p>[\/vc_column_text][\/vc_tta_section][vc_tta_section i_icon_fontawesome=&#8220;fas fa-sitemap&#8220; add_icon=&#8220;true&#8220; title=&#8220;Datensicherheit&#8220; tab_id=&#8220;1596725484374-432f402c-9a94&#8243;][vc_column_text]<\/p>\n<p style=\"text-align: left;\">Hinter der Benutzeroberfl\u00e4che l\u00e4uft eine Microsoft SQL Datenbank. Hier werden per Datenbanktrigger s\u00e4mtliche \u00c4nderungen durch Benutzereingaben protokolliert. Dadurch lassen sich \u00c4nderungen an einem Datensatz per Historie nachvollziehen.<\/p>\n<p>[\/vc_column_text][\/vc_tta_section][vc_tta_section i_icon_fontawesome=&#8220;fas fa-globe&#8220; add_icon=&#8220;true&#8220; title=&#8220;Schnittstellen&#8220; tab_id=&#8220;1596725874157-850b3ed4-fdee&#8220;][vc_column_text]Das ID-IS sieht vor, dass externe Daten eingespielt werden. Dazu gibt es Funktionen zur Abholung von remote- Daten oder das Einspielen von Dateien, z.B. bei der Provisionsdatenverarbeitung. Hier sind grundlegende Funktionalit\u00e4ten vorbereitet. Das Abholen und Verarbeiten von Fremddaten kann so programmiert und eingerichtet werden.[\/vc_column_text][\/vc_tta_section][vc_tta_section i_icon_fontawesome=&#8220;fas fa-edit&#8220; add_icon=&#8220;true&#8220; title=&#8220;Erweiterbarkeit&#8220; tab_id=&#8220;1596725931491-3bd2b3c5-a93a&#8220;][vc_column_text]Manchmal gibt es einfach keine (Standard-) Software, die f\u00fcr eigene Gesch\u00e4ftsprozesse befriedigend ist. Deshalb lassen manche Unternehmen eine eigene Software entwickeln. Hier werden oft sowohl Kosten als auch Entwicklungszeiten untersch\u00e4tzt. Es ist daher vielmals billiger eine vorhandene Software f\u00fcr die eigene Zwecke anzupassen. Die ID-IS Software hat in der 25- J\u00e4hrigen Entwicklungsgeschichte oftmals firmenspezifische Anpassungen vorgenommen. Dadurch ist das Softwarepaket sehr umfangreich und flexibel f\u00fcr Erweiterungen geworden. Sprechen Sie mit uns \u00fcber Ihre Bed\u00fcrfnisse, dann eruieren wir gemeinsam ob die ID-IS Software hier in Frage kommt und was unter Umst\u00e4nden erweitert werden muss![\/vc_column_text][\/vc_tta_section][\/vc_tta_tour][\/vc_column][\/vc_row]<\/p>\n","protected":false},"excerpt":{"rendered":"<p>[vc_row full_width=&#8220;stretch_row&#8220; bg_type=&#8220;image&#8220; parallax_style=&#8220;vcpb-vz-jquery&#8220; bg_image_new=&#8220;id^270|url^https:\/\/www.anelon.de\/wp-content\/uploads\/2020\/07\/AdobeStock_204106702-scaled.jpeg|caption^Background of beautiful abstract Business transformation innovation. Change from to high technology like butterfly life cycle. to imply with success future business growth concept or other transform|alt^null|title^Background of beautiful abstract Business transformation innovation. Change from to high technology like butterfly life cycle. to imply with success future business growth concept or&hellip;<\/p>\n","protected":false},"author":1,"featured_media":0,"parent":27,"menu_order":0,"comment_status":"closed","ping_status":"closed","template":"","meta":[],"yoast_head":"<!-- This site is optimized with the Yoast SEO plugin v14.9 - https:\/\/yoast.com\/wordpress\/plugins\/seo\/ -->\n<title>ID-IS Software - Anelon UG<\/title>\n<meta name=\"robots\" content=\"index, follow, max-snippet:-1, max-image-preview:large, max-video-preview:-1\" \/>\n<link rel=\"canonical\" href=\"https:\/\/www.anelon.de\/index.php\/home\/id-is\/\" \/>\n<meta property=\"og:locale\" content=\"de_DE\" \/>\n<meta property=\"og:type\" content=\"article\" \/>\n<meta property=\"og:title\" content=\"ID-IS Software - Anelon UG\" \/>\n<meta property=\"og:description\" content=\"[vc_row full_width=&#8220;stretch_row&#8220; bg_type=&#8220;image&#8220; parallax_style=&#8220;vcpb-vz-jquery&#8220; bg_image_new=&#8220;id^270|url^https:\/\/www.anelon.de\/wp-content\/uploads\/2020\/07\/AdobeStock_204106702-scaled.jpeg|caption^Background of beautiful abstract Business transformation innovation. Change from to high technology like butterfly life cycle. to imply with success future business growth concept or other transform|alt^null|title^Background of beautiful abstract Business transformation innovation. Change from to high technology like butterfly life cycle. to imply with success future business growth concept or&hellip;\" \/>\n<meta property=\"og:url\" content=\"https:\/\/www.anelon.de\/index.php\/home\/id-is\/\" \/>\n<meta property=\"og:site_name\" content=\"Anelon UG\" \/>\n<meta property=\"article:modified_time\" content=\"2020-08-18T13:16:56+00:00\" \/>\n<meta name=\"twitter:card\" content=\"summary_large_image\" \/>\n<script type=\"application\/ld+json\" class=\"yoast-schema-graph\">{\"@context\":\"https:\/\/schema.org\",\"@graph\":[{\"@type\":\"Organization\",\"@id\":\"https:\/\/www.anelon.de\/#organization\",\"name\":\"Anelon\",\"url\":\"https:\/\/www.anelon.de\/\",\"sameAs\":[],\"logo\":{\"@type\":\"ImageObject\",\"@id\":\"https:\/\/www.anelon.de\/#logo\",\"inLanguage\":\"de\",\"url\":\"https:\/\/www.anelon.de\/wp-content\/uploads\/2020\/05\/Schmetterling-Icon.ico\",\"width\":48,\"height\":48,\"caption\":\"Anelon\"},\"image\":{\"@id\":\"https:\/\/www.anelon.de\/#logo\"}},{\"@type\":\"WebSite\",\"@id\":\"https:\/\/www.anelon.de\/#website\",\"url\":\"https:\/\/www.anelon.de\/\",\"name\":\"Anelon UG\",\"description\":\"Transformation Everyday!\",\"publisher\":{\"@id\":\"https:\/\/www.anelon.de\/#organization\"},\"potentialAction\":[{\"@type\":\"SearchAction\",\"target\":\"https:\/\/www.anelon.de\/?s={search_term_string}\",\"query-input\":\"required name=search_term_string\"}],\"inLanguage\":\"de\"},{\"@type\":\"WebPage\",\"@id\":\"https:\/\/www.anelon.de\/index.php\/home\/id-is\/#webpage\",\"url\":\"https:\/\/www.anelon.de\/index.php\/home\/id-is\/\",\"name\":\"ID-IS Software - Anelon UG\",\"isPartOf\":{\"@id\":\"https:\/\/www.anelon.de\/#website\"},\"datePublished\":\"2020-08-06T12:58:48+00:00\",\"dateModified\":\"2020-08-18T13:16:56+00:00\",\"inLanguage\":\"de\",\"potentialAction\":[{\"@type\":\"ReadAction\",\"target\":[\"https:\/\/www.anelon.de\/index.php\/home\/id-is\/\"]}]}]}<\/script>\n<!-- \/ Yoast SEO plugin. -->","_links":{"self":[{"href":"https:\/\/www.anelon.de\/index.php\/wp-json\/wp\/v2\/pages\/275"}],"collection":[{"href":"https:\/\/www.anelon.de\/index.php\/wp-json\/wp\/v2\/pages"}],"about":[{"href":"https:\/\/www.anelon.de\/index.php\/wp-json\/wp\/v2\/types\/page"}],"author":[{"embeddable":true,"href":"https:\/\/www.anelon.de\/index.php\/wp-json\/wp\/v2\/users\/1"}],"replies":[{"embeddable":true,"href":"https:\/\/www.anelon.de\/index.php\/wp-json\/wp\/v2\/comments?post=275"}],"version-history":[{"count":34,"href":"https:\/\/www.anelon.de\/index.php\/wp-json\/wp\/v2\/pages\/275\/revisions"}],"predecessor-version":[{"id":406,"href":"https:\/\/www.anelon.de\/index.php\/wp-json\/wp\/v2\/pages\/275\/revisions\/406"}],"up":[{"embeddable":true,"href":"https:\/\/www.anelon.de\/index.php\/wp-json\/wp\/v2\/pages\/27"}],"wp:attachment":[{"href":"https:\/\/www.anelon.de\/index.php\/wp-json\/wp\/v2\/media?parent=275"}],"curies":[{"name":"wp","href":"https:\/\/api.w.org\/{rel}","templated":true}]}}